{"id":123,"date":"2023-04-18T16:33:35","date_gmt":"2023-04-18T16:33:35","guid":{"rendered":"https:\/\/coloniait.com\/?page_id=123"},"modified":"2026-03-12T15:02:08","modified_gmt":"2026-03-12T20:02:08","slug":"contacto","status":"publish","type":"page","link":"https:\/\/coloniait.com\/en\/contacto\/","title":{"rendered":"Contact"},"content":{"rendered":"<div class=\"contacto-premium-container\">\n<div class=\"row align-items-center\">\n<div class=\"col-12 col-lg-5 mb-5 mb-lg-0\">\n            <span class=\"badge-tag tag-naranja\">ESTAMOS LISTOS<\/span><\/p>\n<h2 class=\"impact-title-contacto\">Hablemos de su <br \/><span class=\"highlight-line\">operaci\u00f3n t\u00e9cnica<\/span><\/h2>\n<p class=\"lead-contacto\">Agende una consultor\u00eda con nuestros expertos y descubra c\u00f3mo LABROIDES puede escalar su empresa de servicios.<\/p>\n<div class=\"info-contacto-box\" style=\"margin-top: 30px;\">\n<div class=\"info-item\" style=\"display: flex; align-items: center; margin-bottom: 20px;\">\n                    <i class=\"fas fa-envelope\" style=\"color:#CC6600; width: 25px; font-size: 1.2rem; margin-right:10px;\"><\/i><br \/>\n                    <span>comercial@coloniait.com<\/span>\n                <\/div>\n<div class=\"info-item\" style=\"display: flex; align-items: center; margin-bottom: 20px;\">\n                    <i class=\"fas fa-phone-alt\" style=\"color:#CC6600; width: 25px; font-size: 1.2rem; margin-right:10px;\"><\/i><br \/>\n                    <span>+57 305 8279178<\/span>\n                <\/div>\n<div class=\"info-item\" style=\"display: flex; align-items: center;\">\n                    <i class=\"fas fa-map-marker-alt\" style=\"color:#CC6600; width: 25px; font-size: 1.2rem; margin-right:10px;\"><\/i><br \/>\n                    <span>Bogot\u00e1, Colombia<\/span>\n                <\/div>\n<\/p><\/div>\n<\/p><\/div>\n<div class=\"col-12 col-lg-6 offset-lg-1\">\n<div class=\"form-card-premium\">\n                \n<div class=\"wpcf7 no-js\" id=\"wpcf7-f5-o1\" lang=\"es-ES\" dir=\"ltr\" data-wpcf7-id=\"5\">\n<div class=\"screen-reader-response\"><p role=\"status\" aria-live=\"polite\" aria-atomic=\"true\"><\/p> <ul><\/ul><\/div>\n<form action=\"\/en\/wp-json\/wp\/v2\/pages\/123#wpcf7-f5-o1\" method=\"post\" class=\"wpcf7-form init\" aria-label=\"Formulario de contacto\" novalidate=\"novalidate\" data-status=\"init\" data-trp-original-action=\"\/en\/wp-json\/wp\/v2\/pages\/123#wpcf7-f5-o1\">\n<fieldset class=\"hidden-fields-container\"><input type=\"hidden\" name=\"_wpcf7\" value=\"5\" \/><input type=\"hidden\" name=\"_wpcf7_version\" value=\"6.1.5\" \/><input type=\"hidden\" name=\"_wpcf7_locale\" value=\"es_ES\" \/><input type=\"hidden\" name=\"_wpcf7_unit_tag\" value=\"wpcf7-f5-o1\" \/><input type=\"hidden\" name=\"_wpcf7_container_post\" value=\"0\" \/><input type=\"hidden\" name=\"_wpcf7_posted_data_hash\" value=\"\" \/><input type=\"hidden\" name=\"_wpcf7_recaptcha_response\" value=\"\" \/>\n<\/fieldset>\n<span class=\"wpcf7-form-control-wrap\" data-name=\"text-893\"><input size=\"40\" maxlength=\"400\" class=\"wpcf7-form-control wpcf7-text wpcf7-validates-as-required\" aria-required=\"true\" aria-invalid=\"false\" placeholder=\"Name and Surname\" value=\"\" type=\"text\" name=\"text-893\" \/><\/span>\n<span class=\"wpcf7-form-control-wrap\" data-name=\"email-666\"><input size=\"40\" maxlength=\"400\" class=\"wpcf7-form-control wpcf7-email wpcf7-validates-as-required wpcf7-text wpcf7-validates-as-email\" aria-required=\"true\" aria-invalid=\"false\" placeholder=\"E-mail\" value=\"\" type=\"email\" name=\"email-666\" \/><\/span>\n<span class=\"wpcf7-form-control-wrap\" data-name=\"tel-202\"><input size=\"40\" maxlength=\"400\" class=\"wpcf7-form-control wpcf7-tel wpcf7-validates-as-required wpcf7-text wpcf7-validates-as-tel\" aria-required=\"true\" aria-invalid=\"false\" placeholder=\"Phone\" value=\"\" type=\"tel\" name=\"tel-202\" \/><\/span>\n<span class=\"wpcf7-form-control-wrap\" data-name=\"text-894\"><input size=\"40\" maxlength=\"400\" class=\"wpcf7-form-control wpcf7-text wpcf7-validates-as-required\" aria-required=\"true\" aria-invalid=\"false\" placeholder=\"Affair\" value=\"\" type=\"text\" name=\"text-894\" \/><\/span>\n<span class=\"wpcf7-form-control-wrap\" data-name=\"textarea-675\"><textarea cols=\"40\" rows=\"10\" maxlength=\"2000\" class=\"wpcf7-form-control wpcf7-textarea wpcf7-validates-as-required\" aria-required=\"true\" aria-invalid=\"false\" placeholder=\"Message\" name=\"textarea-675\"><\/textarea><\/span>\n<span class=\"wpcf7-form-control-wrap\" data-name=\"acceptance-889\"><span class=\"wpcf7-form-control wpcf7-acceptance\"><span class=\"wpcf7-list-item\"><label><input type=\"checkbox\" name=\"acceptance-889\" value=\"1\" class=\"acepto\" aria-invalid=\"false\" \/><span class=\"wpcf7-list-item-label\">I accept Terms and Conditions<\/span><\/label><\/span><\/span><\/span>\n\n<input class=\"wpcf7-form-control wpcf7-submit has-spinner btn_form\" type=\"submit\" value=\"Send\" \/>\n<p style=\"font-size: 10px; color: #999; text-align: center; margin-top: 15px;\">\nEste sitio est\u00e1 protegido por reCAPTCHA y se aplican la \n<a href=\"https:\/\/policies.google.com\/privacy\">Privacidad<\/a> y \n<a href=\"https:\/\/policies.google.com\/terms\">T\u00e9rminos<\/a> de Google.\n<\/p>\n<script>\ndocument.addEventListener( 'wpcf7mailsent', function( event ) {\n    location = 'https:\/\/coloniait.com\/gracias\/';\n}, false );\n<\/script><div class=\"wpcf7-response-output\" aria-hidden=\"true\"><\/div>\n<input type=\"hidden\" name=\"trp-form-language\" value=\"en\"\/><\/form>\n<\/div>\n\n            <\/div>\n<\/p><\/div>\n<\/p><\/div>\n<\/div>","protected":false},"excerpt":{"rendered":"<p>ESTAMOS LISTOS Hablemos de su operaci\u00f3n t\u00e9cnica Agende una consultor\u00eda con nuestros expertos y descubra c\u00f3mo LABROIDES puede escalar su empresa de servicios. comercial@coloniait.com +57 305 8279178 Bogot\u00e1, Colombia<\/p>","protected":false},"author":2,"featured_media":102,"parent":0,"menu_order":0,"comment_status":"closed","ping_status":"closed","template":"contacto.php","meta":{"_acf_changed":false,"footnotes":""},"class_list":["post-123","page","type-page","status-publish","has-post-thumbnail","hentry"],"acf":[],"yoast_head":"<!-- This site is optimized with the Yoast SEO plugin v27.0 - https:\/\/yoast.com\/product\/yoast-seo-wordpress\/ -->\r\n<title>Contacto | LABROIDES<\/title>\r\n<meta name=\"robots\" content=\"index, follow, max-snippet:-1, max-image-preview:large, max-video-preview:-1\" \/>\r\n<link rel=\"canonical\" href=\"https:\/\/coloniait.com\/en\/contacto\/\" \/>\r\n<meta property=\"og:locale\" content=\"en_US\" \/>\r\n<meta property=\"og:type\" content=\"article\" \/>\r\n<meta property=\"og:title\" content=\"Contacto | LABROIDES\" \/>\r\n<meta property=\"og:description\" content=\"ESTAMOS LISTOS Hablemos de su operaci\u00f3n t\u00e9cnica Agende una consultor\u00eda con nuestros expertos y descubra c\u00f3mo LABROIDES puede escalar su empresa de servicios. comercial@coloniait.com +57 305 8279178 Bogot\u00e1, Colombia\" \/>\r\n<meta property=\"og:url\" content=\"https:\/\/coloniait.com\/en\/contacto\/\" \/>\r\n<meta property=\"og:site_name\" content=\"LABROIDES\" \/>\r\n<meta property=\"article:publisher\" content=\"https:\/\/www.facebook.com\/coloniaitsas\" \/>\r\n<meta property=\"article:modified_time\" content=\"2026-03-12T20:02:08+00:00\" \/>\r\n<meta property=\"og:image\" content=\"https:\/\/coloniait.com\/wp-content\/uploads\/2023\/04\/2-tsm.jpg\" \/>\r\n\t<meta property=\"og:image:width\" content=\"1615\" \/>\r\n\t<meta property=\"og:image:height\" content=\"584\" \/>\r\n\t<meta property=\"og:image:type\" content=\"image\/jpeg\" \/>\r\n<meta name=\"twitter:card\" content=\"summary_large_image\" \/>\r\n<meta name=\"twitter:site\" content=\"@coloniait\" \/>\r\n<meta name=\"twitter:label1\" content=\"Est. reading time\" \/>\n\t<meta name=\"twitter:data1\" content=\"1 minute\" \/>\r\n<script type=\"application\/ld+json\" class=\"yoast-schema-graph\">{\"@context\":\"https:\/\/schema.org\",\"@graph\":[{\"@type\":\"WebPage\",\"@id\":\"https:\/\/coloniait.com\/contacto\/\",\"url\":\"https:\/\/coloniait.com\/contacto\/\",\"name\":\"Contacto | LABROIDES\",\"isPartOf\":{\"@id\":\"https:\/\/coloniait.com\/#website\"},\"primaryImageOfPage\":{\"@id\":\"https:\/\/coloniait.com\/contacto\/#primaryimage\"},\"image\":{\"@id\":\"https:\/\/coloniait.com\/contacto\/#primaryimage\"},\"thumbnailUrl\":\"https:\/\/coloniait.com\/wp-content\/uploads\/2023\/04\/2-tsm.jpg\",\"datePublished\":\"2023-04-18T16:33:35+00:00\",\"dateModified\":\"2026-03-12T20:02:08+00:00\",\"inLanguage\":\"en-US\",\"potentialAction\":[{\"@type\":\"ReadAction\",\"target\":[\"https:\/\/coloniait.com\/contacto\/\"]}]},{\"@type\":\"ImageObject\",\"inLanguage\":\"en-US\",\"@id\":\"https:\/\/coloniait.com\/contacto\/#primaryimage\",\"url\":\"https:\/\/coloniait.com\/wp-content\/uploads\/2023\/04\/2-tsm.jpg\",\"contentUrl\":\"https:\/\/coloniait.com\/wp-content\/uploads\/2023\/04\/2-tsm.jpg\",\"width\":1615,\"height\":584},{\"@type\":\"WebSite\",\"@id\":\"https:\/\/coloniait.com\/#website\",\"url\":\"https:\/\/coloniait.com\/\",\"name\":\"COLONIA IT - LABROIDES\",\"description\":\"Soluciones para la Gesti\u00f3n del Negocio\",\"publisher\":{\"@id\":\"https:\/\/coloniait.com\/#organization\"},\"potentialAction\":[{\"@type\":\"SearchAction\",\"target\":{\"@type\":\"EntryPoint\",\"urlTemplate\":\"https:\/\/coloniait.com\/?s={search_term_string}\"},\"query-input\":{\"@type\":\"PropertyValueSpecification\",\"valueRequired\":true,\"valueName\":\"search_term_string\"}}],\"inLanguage\":\"en-US\"},{\"@type\":\"Organization\",\"@id\":\"https:\/\/coloniait.com\/#organization\",\"name\":\"COLONIA IT SAS\",\"url\":\"https:\/\/coloniait.com\/\",\"logo\":{\"@type\":\"ImageObject\",\"inLanguage\":\"en-US\",\"@id\":\"https:\/\/coloniait.com\/#\/schema\/logo\/image\/\",\"url\":\"https:\/\/coloniait.com\/wp-content\/uploads\/2024\/07\/LogoColoniaP.png\",\"contentUrl\":\"https:\/\/coloniait.com\/wp-content\/uploads\/2024\/07\/LogoColoniaP.png\",\"width\":605,\"height\":102,\"caption\":\"COLONIA IT SAS\"},\"image\":{\"@id\":\"https:\/\/coloniait.com\/#\/schema\/logo\/image\/\"},\"sameAs\":[\"https:\/\/www.facebook.com\/coloniaitsas\",\"https:\/\/x.com\/coloniait\",\"https:\/\/www.instagram.com\/coloniait?igsh=OXA0YXVyemk0dTZm\",\"https:\/\/www.tiktok.com\/@colonia.it.sas?_t=8nxeyzMof93&_r=1\"]}]}<\/script>\r\n<!-- \/ Yoast SEO plugin. -->","yoast_head_json":{"title":"Contacto | LABROIDES","robots":{"index":"index","follow":"follow","max-snippet":"max-snippet:-1","max-image-preview":"max-image-preview:large","max-video-preview":"max-video-preview:-1"},"canonical":"https:\/\/coloniait.com\/en\/contacto\/","og_locale":"en_US","og_type":"article","og_title":"Contacto | LABROIDES","og_description":"ESTAMOS LISTOS Hablemos de su operaci\u00f3n t\u00e9cnica Agende una consultor\u00eda con nuestros expertos y descubra c\u00f3mo LABROIDES puede escalar su empresa de servicios. comercial@coloniait.com +57 305 8279178 Bogot\u00e1, Colombia","og_url":"https:\/\/coloniait.com\/en\/contacto\/","og_site_name":"LABROIDES","article_publisher":"https:\/\/www.facebook.com\/coloniaitsas","article_modified_time":"2026-03-12T20:02:08+00:00","og_image":[{"width":1615,"height":584,"url":"https:\/\/coloniait.com\/wp-content\/uploads\/2023\/04\/2-tsm.jpg","type":"image\/jpeg"}],"twitter_card":"summary_large_image","twitter_site":"@coloniait","twitter_misc":{"Est. reading time":"1 minute"},"schema":{"@context":"https:\/\/schema.org","@graph":[{"@type":"WebPage","@id":"https:\/\/coloniait.com\/contacto\/","url":"https:\/\/coloniait.com\/contacto\/","name":"Contacto | LABROIDES","isPartOf":{"@id":"https:\/\/coloniait.com\/#website"},"primaryImageOfPage":{"@id":"https:\/\/coloniait.com\/contacto\/#primaryimage"},"image":{"@id":"https:\/\/coloniait.com\/contacto\/#primaryimage"},"thumbnailUrl":"https:\/\/coloniait.com\/wp-content\/uploads\/2023\/04\/2-tsm.jpg","datePublished":"2023-04-18T16:33:35+00:00","dateModified":"2026-03-12T20:02:08+00:00","inLanguage":"en-US","potentialAction":[{"@type":"ReadAction","target":["https:\/\/coloniait.com\/contacto\/"]}]},{"@type":"ImageObject","inLanguage":"en-US","@id":"https:\/\/coloniait.com\/contacto\/#primaryimage","url":"https:\/\/coloniait.com\/wp-content\/uploads\/2023\/04\/2-tsm.jpg","contentUrl":"https:\/\/coloniait.com\/wp-content\/uploads\/2023\/04\/2-tsm.jpg","width":1615,"height":584},{"@type":"WebSite","@id":"https:\/\/coloniait.com\/#website","url":"https:\/\/coloniait.com\/","name":"COLONIA IT - LABROIDES","description":"Soluciones para la Gesti\u00f3n del Negocio","publisher":{"@id":"https:\/\/coloniait.com\/#organization"},"potentialAction":[{"@type":"SearchAction","target":{"@type":"EntryPoint","urlTemplate":"https:\/\/coloniait.com\/?s={search_term_string}"},"query-input":{"@type":"PropertyValueSpecification","valueRequired":true,"valueName":"search_term_string"}}],"inLanguage":"en-US"},{"@type":"Organization","@id":"https:\/\/coloniait.com\/#organization","name":"COLONIA IT SAS","url":"https:\/\/coloniait.com\/","logo":{"@type":"ImageObject","inLanguage":"en-US","@id":"https:\/\/coloniait.com\/#\/schema\/logo\/image\/","url":"https:\/\/coloniait.com\/wp-content\/uploads\/2024\/07\/LogoColoniaP.png","contentUrl":"https:\/\/coloniait.com\/wp-content\/uploads\/2024\/07\/LogoColoniaP.png","width":605,"height":102,"caption":"COLONIA IT SAS"},"image":{"@id":"https:\/\/coloniait.com\/#\/schema\/logo\/image\/"},"sameAs":["https:\/\/www.facebook.com\/coloniaitsas","https:\/\/x.com\/coloniait","https:\/\/www.instagram.com\/coloniait?igsh=OXA0YXVyemk0dTZm","https:\/\/www.tiktok.com\/@colonia.it.sas?_t=8nxeyzMof93&_r=1"]}]}},"_links":{"self":[{"href":"https:\/\/coloniait.com\/en\/wp-json\/wp\/v2\/pages\/123","targetHints":{"allow":["GET"]}}],"collection":[{"href":"https:\/\/coloniait.com\/en\/wp-json\/wp\/v2\/pages"}],"about":[{"href":"https:\/\/coloniait.com\/en\/wp-json\/wp\/v2\/types\/page"}],"author":[{"embeddable":true,"href":"https:\/\/coloniait.com\/en\/wp-json\/wp\/v2\/users\/2"}],"replies":[{"embeddable":true,"href":"https:\/\/coloniait.com\/en\/wp-json\/wp\/v2\/comments?post=123"}],"version-history":[{"count":9,"href":"https:\/\/coloniait.com\/en\/wp-json\/wp\/v2\/pages\/123\/revisions"}],"predecessor-version":[{"id":2545,"href":"https:\/\/coloniait.com\/en\/wp-json\/wp\/v2\/pages\/123\/revisions\/2545"}],"wp:featuredmedia":[{"embeddable":true,"href":"https:\/\/coloniait.com\/en\/wp-json\/wp\/v2\/media\/102"}],"wp:attachment":[{"href":"https:\/\/coloniait.com\/en\/wp-json\/wp\/v2\/media?parent=123"}],"curies":[{"name":"wp","href":"https:\/\/api.w.org\/{rel}","templated":true}]}}