{"id":45,"date":"2023-04-17T21:48:06","date_gmt":"2023-04-17T21:48:06","guid":{"rendered":"https:\/\/coloniait.com\/?page_id=45"},"modified":"2024-08-08T16:34:09","modified_gmt":"2024-08-08T21:34:09","slug":"nosotros","status":"publish","type":"page","link":"https:\/\/coloniait.com\/en\/nosotros\/","title":{"rendered":"Us"},"content":{"rendered":"<h2>COLONIA promotes the digital transformation of companies<\/h2>\n<p>&nbsp;<\/p>\n<p><strong>COLONIA IT<\/strong> COLONIA is a software company with more than 15 years of experience in the development and implementation of innovative and customized business solutions. We specialize in helping companies optimize and transform their business processes with solutions perfectly tailored to their specific needs. In this way, COLONIA drives the digital transformation of companies through comprehensive and integrated solutions.<\/p>\n<p>&nbsp;<\/p>\n<p data-redactor-style-cache=\"margin: 0px;\"><strong>COLOGNE\u00a0<\/strong>offers, with\u00a0<strong><span data-redactor-span=\"true\" data-redactor-style-cache=\"color: rgb(227, 108, 9);\">LABROIDS<\/span><\/strong>, a suite of robust solutions designed to improve operational efficiency and business management, including:<\/p>\n<p data-redactor-style-cache=\"margin: 0px;\">\n<ul>\n<li data-redactor-style-cache=\"margin-left: 0\"><strong><a href=\"https:\/\/coloniait.com\/en\/colonia-it\/cmms\/\">CMMS \u2013 CMMS<\/a>\u00a0<\/strong>(Computerized Maintenance Management System). Maintenance management solution.<\/li>\n<li data-redactor-style-cache=\"margin-left: 0\"><strong><a href=\"https:\/\/coloniait.com\/en\/soluciones\/crm\/\">CRM<\/a>\u00a0<\/strong>(Customer Relationship Management). A solution for business management.<\/li>\n<li data-redactor-style-cache=\"margin-left: 0\"><strong><a href=\"https:\/\/coloniait.com\/en\/soluciones\/e-req\/\">WMS<\/a>\u00a0<\/strong>(Warehouse Management System). Solution for logistics management.<\/li>\n<li data-redactor-style-cache=\"margin-left: 0\"><a href=\"https:\/\/coloniait.com\/en\/soluciones\/bpm\/\"><strong>BPM\u00a0<\/strong><\/a>(Business Process Management). Solution for process management.<\/li>\n<li data-redactor-style-cache=\"margin-left: 0\"><a href=\"https:\/\/coloniait.com\/en\/soluciones\/help-desk\/\"><strong>HDSK<\/strong><\/a>\u00a0(Help Desk Management System). Solution for help desk management.<\/li>\n<li data-redactor-style-cache=\"margin-left: 0\"><a href=\"https:\/\/coloniait.com\/en\/soluciones\/tsm\/\"><strong>TSM\u00a0<\/strong><\/a>(Total Service Management), a unique solution created to manage and optimize all aspects of service-providing companies.<\/li>\n<\/ul>\n<p data-redactor-style-cache=\"margin: 0px;\">\n<p data-redactor-style-cache=\"margin: 0px;\"><strong><span data-redactor-span=\"true\" data-redactor-style-cache=\"color: rgb(227, 108, 9);\">You can contact us via WhatsApp at\u00a0<a href=\"https:\/\/api.whatsapp.com\/send\/?phone=573058279178\" target=\"_blank\" rel=\"noopener\" data-redactor-style-cache=\"color: #CC6600\">+57\u00a03058279178<\/a><\/span><\/strong><\/p>\n<p data-redactor-style-cache=\"margin: 0px;\">What truly sets us apart is our ability to customize each of these solutions to each company&#039;s specific requirements, ensuring seamless integration with current processes and significantly improving efficiency and productivity.<\/p>\n<p data-redactor-style-cache=\"margin: 0px;\">In particular, our\u00a0<strong>BPM\u00a0<\/strong>(Business Process Management), developed internally and refined over more than 15 years, has proven to be an invaluable tool for companies seeking custom development or specific solutions. If you are currently considering implementation and digital transformation projects, <strong><span data-redactor-span=\"true\" data-redactor-style-cache=\"color: rgb(227, 108, 9);\">LABROIDS BPM<\/span><\/strong> It may be the ideal option to guarantee exceptional results in up to 70% less time than a custom development would take.<\/p>\n<p data-redactor-style-cache=\"margin: 0px;\">","protected":false},"excerpt":{"rendered":"<p>COLONIA impulsa la transformaci\u00f3n digital de las empresas &nbsp; COLONIA IT es una casa de software con m\u00e1s de 15 a\u00f1os de experiencia en el desarrollo e implementaci\u00f3n de soluciones empresariales innovadoras y personalizadas. Nos especializamos en ayudar a las empresas a optimizar y transformar sus procesos de negocio con soluciones que se adaptan perfectamente [&hellip;]<\/p>","protected":false},"author":2,"featured_media":8,"parent":0,"menu_order":0,"comment_status":"closed","ping_status":"closed","template":"about.php","meta":{"_acf_changed":false,"footnotes":""},"class_list":["post-45","page","type-page","status-publish","has-post-thumbnail","hentry"],"acf":[],"yoast_head":"<!-- This site is optimized with the Yoast SEO plugin v27.0 - https:\/\/yoast.com\/product\/yoast-seo-wordpress\/ -->\r\n<title>COLONIA impulsa la transformaci\u00f3n digital de las empresas<\/title>\r\n<meta name=\"description\" content=\"Conoce m\u00e1s acerca de nosotros y c\u00f3mo COLONIA impulsa la transformaci\u00f3n digital de las empresas por medio de sus soluciones integrales.\" \/>\r\n<meta name=\"robots\" content=\"index, follow, max-snippet:-1, max-image-preview:large, max-video-preview:-1\" \/>\r\n<link rel=\"canonical\" href=\"https:\/\/coloniait.com\/en\/nosotros\/\" \/>\r\n<meta property=\"og:locale\" content=\"en_US\" \/>\r\n<meta property=\"og:type\" content=\"article\" \/>\r\n<meta property=\"og:title\" content=\"COLONIA impulsa la transformaci\u00f3n digital de las empresas\" \/>\r\n<meta property=\"og:description\" content=\"Conoce m\u00e1s acerca de nosotros y c\u00f3mo COLONIA impulsa la transformaci\u00f3n digital de las empresas por medio de sus soluciones integrales.\" \/>\r\n<meta property=\"og:url\" content=\"https:\/\/coloniait.com\/en\/nosotros\/\" \/>\r\n<meta property=\"og:site_name\" content=\"LABROIDES\" \/>\r\n<meta property=\"article:publisher\" content=\"https:\/\/www.facebook.com\/coloniaitsas\" \/>\r\n<meta property=\"article:modified_time\" content=\"2024-08-08T21:34:09+00:00\" \/>\r\n<meta property=\"og:image\" content=\"https:\/\/coloniait.com\/wp-content\/uploads\/2023\/04\/fondo-banner.jpg\" \/>\r\n\t<meta property=\"og:image:width\" content=\"1602\" \/>\r\n\t<meta property=\"og:image:height\" content=\"667\" \/>\r\n\t<meta property=\"og:image:type\" content=\"image\/jpeg\" \/>\r\n<meta name=\"twitter:card\" content=\"summary_large_image\" \/>\r\n<meta name=\"twitter:site\" content=\"@coloniait\" \/>\r\n<meta name=\"twitter:label1\" content=\"Est. reading time\" \/>\n\t<meta name=\"twitter:data1\" content=\"2 minutes\" \/>\r\n<script type=\"application\/ld+json\" class=\"yoast-schema-graph\">{\"@context\":\"https:\/\/schema.org\",\"@graph\":[{\"@type\":\"WebPage\",\"@id\":\"https:\/\/coloniait.com\/nosotros\/\",\"url\":\"https:\/\/coloniait.com\/nosotros\/\",\"name\":\"COLONIA impulsa la transformaci\u00f3n digital de las empresas\",\"isPartOf\":{\"@id\":\"https:\/\/coloniait.com\/#website\"},\"primaryImageOfPage\":{\"@id\":\"https:\/\/coloniait.com\/nosotros\/#primaryimage\"},\"image\":{\"@id\":\"https:\/\/coloniait.com\/nosotros\/#primaryimage\"},\"thumbnailUrl\":\"https:\/\/coloniait.com\/wp-content\/uploads\/2023\/04\/fondo-banner.jpg\",\"datePublished\":\"2023-04-17T21:48:06+00:00\",\"dateModified\":\"2024-08-08T21:34:09+00:00\",\"description\":\"Conoce m\u00e1s acerca de nosotros y c\u00f3mo COLONIA impulsa la transformaci\u00f3n digital de las empresas por medio de sus soluciones integrales.\",\"inLanguage\":\"en-US\",\"potentialAction\":[{\"@type\":\"ReadAction\",\"target\":[\"https:\/\/coloniait.com\/nosotros\/\"]}]},{\"@type\":\"ImageObject\",\"inLanguage\":\"en-US\",\"@id\":\"https:\/\/coloniait.com\/nosotros\/#primaryimage\",\"url\":\"https:\/\/coloniait.com\/wp-content\/uploads\/2023\/04\/fondo-banner.jpg\",\"contentUrl\":\"https:\/\/coloniait.com\/wp-content\/uploads\/2023\/04\/fondo-banner.jpg\",\"width\":1602,\"height\":667},{\"@type\":\"WebSite\",\"@id\":\"https:\/\/coloniait.com\/#website\",\"url\":\"https:\/\/coloniait.com\/\",\"name\":\"COLONIA IT - LABROIDES\",\"description\":\"Soluciones para la Gesti\u00f3n del Negocio\",\"publisher\":{\"@id\":\"https:\/\/coloniait.com\/#organization\"},\"potentialAction\":[{\"@type\":\"SearchAction\",\"target\":{\"@type\":\"EntryPoint\",\"urlTemplate\":\"https:\/\/coloniait.com\/?s={search_term_string}\"},\"query-input\":{\"@type\":\"PropertyValueSpecification\",\"valueRequired\":true,\"valueName\":\"search_term_string\"}}],\"inLanguage\":\"en-US\"},{\"@type\":\"Organization\",\"@id\":\"https:\/\/coloniait.com\/#organization\",\"name\":\"COLONIA IT SAS\",\"url\":\"https:\/\/coloniait.com\/\",\"logo\":{\"@type\":\"ImageObject\",\"inLanguage\":\"en-US\",\"@id\":\"https:\/\/coloniait.com\/#\/schema\/logo\/image\/\",\"url\":\"https:\/\/coloniait.com\/wp-content\/uploads\/2024\/07\/LogoColoniaP.png\",\"contentUrl\":\"https:\/\/coloniait.com\/wp-content\/uploads\/2024\/07\/LogoColoniaP.png\",\"width\":605,\"height\":102,\"caption\":\"COLONIA IT SAS\"},\"image\":{\"@id\":\"https:\/\/coloniait.com\/#\/schema\/logo\/image\/\"},\"sameAs\":[\"https:\/\/www.facebook.com\/coloniaitsas\",\"https:\/\/x.com\/coloniait\",\"https:\/\/www.instagram.com\/coloniait?igsh=OXA0YXVyemk0dTZm\",\"https:\/\/www.tiktok.com\/@colonia.it.sas?_t=8nxeyzMof93&_r=1\"]}]}<\/script>\r\n<!-- \/ Yoast SEO plugin. -->","yoast_head_json":{"title":"COLONIA promotes the digital transformation of companies","description":"Conoce m\u00e1s acerca de nosotros y c\u00f3mo COLONIA impulsa la transformaci\u00f3n digital de las empresas por medio de sus soluciones integrales.","robots":{"index":"index","follow":"follow","max-snippet":"max-snippet:-1","max-image-preview":"max-image-preview:large","max-video-preview":"max-video-preview:-1"},"canonical":"https:\/\/coloniait.com\/en\/nosotros\/","og_locale":"en_US","og_type":"article","og_title":"COLONIA impulsa la transformaci\u00f3n digital de las empresas","og_description":"Conoce m\u00e1s acerca de nosotros y c\u00f3mo COLONIA impulsa la transformaci\u00f3n digital de las empresas por medio de sus soluciones integrales.","og_url":"https:\/\/coloniait.com\/en\/nosotros\/","og_site_name":"LABROIDES","article_publisher":"https:\/\/www.facebook.com\/coloniaitsas","article_modified_time":"2024-08-08T21:34:09+00:00","og_image":[{"width":1602,"height":667,"url":"https:\/\/coloniait.com\/wp-content\/uploads\/2023\/04\/fondo-banner.jpg","type":"image\/jpeg"}],"twitter_card":"summary_large_image","twitter_site":"@coloniait","twitter_misc":{"Est. reading time":"2 minutes"},"schema":{"@context":"https:\/\/schema.org","@graph":[{"@type":"WebPage","@id":"https:\/\/coloniait.com\/nosotros\/","url":"https:\/\/coloniait.com\/nosotros\/","name":"COLONIA promotes the digital transformation of companies","isPartOf":{"@id":"https:\/\/coloniait.com\/#website"},"primaryImageOfPage":{"@id":"https:\/\/coloniait.com\/nosotros\/#primaryimage"},"image":{"@id":"https:\/\/coloniait.com\/nosotros\/#primaryimage"},"thumbnailUrl":"https:\/\/coloniait.com\/wp-content\/uploads\/2023\/04\/fondo-banner.jpg","datePublished":"2023-04-17T21:48:06+00:00","dateModified":"2024-08-08T21:34:09+00:00","description":"Conoce m\u00e1s acerca de nosotros y c\u00f3mo COLONIA impulsa la transformaci\u00f3n digital de las empresas por medio de sus soluciones integrales.","inLanguage":"en-US","potentialAction":[{"@type":"ReadAction","target":["https:\/\/coloniait.com\/nosotros\/"]}]},{"@type":"ImageObject","inLanguage":"en-US","@id":"https:\/\/coloniait.com\/nosotros\/#primaryimage","url":"https:\/\/coloniait.com\/wp-content\/uploads\/2023\/04\/fondo-banner.jpg","contentUrl":"https:\/\/coloniait.com\/wp-content\/uploads\/2023\/04\/fondo-banner.jpg","width":1602,"height":667},{"@type":"WebSite","@id":"https:\/\/coloniait.com\/#website","url":"https:\/\/coloniait.com\/","name":"COLONIA IT - LABROIDES","description":"Soluciones para la Gesti\u00f3n del Negocio","publisher":{"@id":"https:\/\/coloniait.com\/#organization"},"potentialAction":[{"@type":"SearchAction","target":{"@type":"EntryPoint","urlTemplate":"https:\/\/coloniait.com\/?s={search_term_string}"},"query-input":{"@type":"PropertyValueSpecification","valueRequired":true,"valueName":"search_term_string"}}],"inLanguage":"en-US"},{"@type":"Organization","@id":"https:\/\/coloniait.com\/#organization","name":"COLONIA IT SAS","url":"https:\/\/coloniait.com\/","logo":{"@type":"ImageObject","inLanguage":"en-US","@id":"https:\/\/coloniait.com\/#\/schema\/logo\/image\/","url":"https:\/\/coloniait.com\/wp-content\/uploads\/2024\/07\/LogoColoniaP.png","contentUrl":"https:\/\/coloniait.com\/wp-content\/uploads\/2024\/07\/LogoColoniaP.png","width":605,"height":102,"caption":"COLONIA IT SAS"},"image":{"@id":"https:\/\/coloniait.com\/#\/schema\/logo\/image\/"},"sameAs":["https:\/\/www.facebook.com\/coloniaitsas","https:\/\/x.com\/coloniait","https:\/\/www.instagram.com\/coloniait?igsh=OXA0YXVyemk0dTZm","https:\/\/www.tiktok.com\/@colonia.it.sas?_t=8nxeyzMof93&_r=1"]}]}},"_links":{"self":[{"href":"https:\/\/coloniait.com\/en\/wp-json\/wp\/v2\/pages\/45","targetHints":{"allow":["GET"]}}],"collection":[{"href":"https:\/\/coloniait.com\/en\/wp-json\/wp\/v2\/pages"}],"about":[{"href":"https:\/\/coloniait.com\/en\/wp-json\/wp\/v2\/types\/page"}],"author":[{"embeddable":true,"href":"https:\/\/coloniait.com\/en\/wp-json\/wp\/v2\/users\/2"}],"replies":[{"embeddable":true,"href":"https:\/\/coloniait.com\/en\/wp-json\/wp\/v2\/comments?post=45"}],"version-history":[{"count":11,"href":"https:\/\/coloniait.com\/en\/wp-json\/wp\/v2\/pages\/45\/revisions"}],"predecessor-version":[{"id":2364,"href":"https:\/\/coloniait.com\/en\/wp-json\/wp\/v2\/pages\/45\/revisions\/2364"}],"wp:featuredmedia":[{"embeddable":true,"href":"https:\/\/coloniait.com\/en\/wp-json\/wp\/v2\/media\/8"}],"wp:attachment":[{"href":"https:\/\/coloniait.com\/en\/wp-json\/wp\/v2\/media?parent=45"}],"curies":[{"name":"wp","href":"https:\/\/api.w.org\/{rel}","templated":true}]}}